{"id":245,"date":"2019-02-21T14:25:49","date_gmt":"2019-02-21T19:25:49","guid":{"rendered":"http:\/\/chilliwack.a2dev.trapeze.ca\/?page_id=245"},"modified":"2022-05-24T13:17:53","modified_gmt":"2022-05-24T20:17:53","slug":"travail","status":"publish","type":"page","link":"https:\/\/workbccentre-chilliwack.ca\/fr\/travail\/","title":{"rendered":"Travail"},"content":{"rendered":"\r\n<p>Le Centre WorkBC de Chilliwack est \u00e0 la disposition des chercheurs d\u2019emploi pour les aider \u00e0 trouver leur prochain emploi et pour aider les employeurs \u00e0 trouver leur prochain employ\u00e9 de talent.<\/p>\r\n\r\n\r\n\r\n<p>Nous offrons aux chercheurs d\u2019emploi l\u2019acc\u00e8s \u00e0 des ressources pour les aider dans leur recherche d\u2019emploi, des ateliers, du counseling d\u2019emploi, des formations, des \u00e9valuations, des stages en milieu de travail et plus encore. Notre zone de ressources libre-service est accessible \u00e0 tous les Britanno-Colombiens et fournit les outils et les ressources dont ils ont besoin pour trouver et postuler des emplois.<\/p>\r\n\r\n\r\n\r\n<ul class=\"wp-block-list\">\r\n<li><a href=\"https:\/\/workbccentre-chilliwack.ca\/fr\/travail\/exploration-de-carriere\/\">Exploration de carri\u00e8re<\/a><\/li>\r\n<li><a href=\"https:\/\/workbccentre-chilliwack.ca\/fr\/travail\/services-de-gestion-de-cas\/\">Services de gestion de cas<\/a><\/li>\r\n<li><a href=\"https:\/\/workbccentre-chilliwack.ca\/fr\/travail\/travail-independant-pour-les-chercheurs-demploi\/\">Travail ind\u00e9pendant pour les chercheurs d\u2019emploi<\/a><\/li>\r\n<li><a href=\"https:\/\/workbccentre-chilliwack.ca\/fr\/travail\/centre-de-recherche-demploi\/\">Centre de recherche d\u2019emploi<\/a><\/li>\r\n<\/ul>\r\n<p>&nbsp;<\/p>\r\n<p>Si les clients ou les intervenants estiment qu\u2019ils ont re\u00e7u des services insatisfaisants ou ne sont pas d\u2019accord avec une d\u00e9cision rendue concernant la prestation par WCG de services et de mesures de soutien de WorkBC, notre personnel de WorkBC est facilement accessible pour aider \u00e0 r\u00e9soudre tout probl\u00e8me de fa\u00e7on appropri\u00e9e et respectueuse.<br \/><a href=\"\/wp-content\/uploads\/2022\/05\/WorkBC-Employment-Services-Issues-Resolution-and-Decision-Review-Process-Fraser-Northeast-French.pdf\">Processus de r\u00e9solution des probl\u00e8mes et d\u2019examen de la d\u00e9cision<\/a><\/p>\r\n","protected":false},"excerpt":{"rendered":"<p>Le Centre WorkBC de Chilliwack est \u00e0 la disposition des chercheurs d\u2019emploi pour les aider \u00e0 trouver leur prochain emploi et pour aider les employeurs \u00e0 trouver leur prochain employ\u00e9 de talent. Nous offrons aux chercheurs d\u2019emploi l\u2019acc\u00e8s \u00e0 des ressources pour les aider dans leur recherche d\u2019emploi, des ateliers, du counseling d\u2019emploi, des formations, [&hellip;]<\/p>\n","protected":false},"author":3,"featured_media":170,"parent":0,"menu_order":0,"comment_status":"closed","ping_status":"closed","template":"","meta":{"_acf_changed":false,"footnotes":""},"class_list":["post-245","page","type-page","status-publish","has-post-thumbnail","hentry"],"acf":[],"yoast_head":"<!-- This site is optimized with the Yoast SEO plugin v27.3 - https:\/\/yoast.com\/product\/yoast-seo-wordpress\/ -->\n<title>Travail - WorkBC Chilliwack<\/title>\n<meta name=\"description\" content=\"Le Centre WorkBC est \u00e0 la disposition des chercheurs d\u2019emploi pour les aider \u00e0 trouver leur prochain emploi et pour aider les employeurs \u00e0 trouver leur prochain employ\u00e9 de talent.\" \/>\n<meta name=\"robots\" content=\"index, follow, max-snippet:-1, max-image-preview:large, max-video-preview:-1\" \/>\n<link rel=\"canonical\" href=\"https:\/\/workbccentre-chilliwack.ca\/fr\/travail\/\" \/>\n<meta property=\"og:locale\" content=\"fr_FR\" \/>\n<meta property=\"og:type\" content=\"article\" \/>\n<meta property=\"og:title\" content=\"Travail - WorkBC Chilliwack\" \/>\n<meta property=\"og:description\" content=\"Le Centre WorkBC est \u00e0 la disposition des chercheurs d\u2019emploi pour les aider \u00e0 trouver leur prochain emploi et pour aider les employeurs \u00e0 trouver leur prochain employ\u00e9 de talent.\" \/>\n<meta property=\"og:url\" content=\"https:\/\/workbccentre-chilliwack.ca\/fr\/travail\/\" \/>\n<meta property=\"og:site_name\" content=\"WorkBC Chilliwack\" \/>\n<meta property=\"article:publisher\" content=\"https:\/\/www.facebook.com\/Chilliwack-WorkBC-287288658613646\/\" \/>\n<meta property=\"article:modified_time\" content=\"2022-05-24T20:17:53+00:00\" \/>\n<meta property=\"og:image\" content=\"https:\/\/workbccentre-chilliwack.ca\/wp-content\/uploads\/2019\/02\/careers.jpg\" \/>\n\t<meta property=\"og:image:width\" content=\"1140\" \/>\n\t<meta property=\"og:image:height\" content=\"250\" \/>\n\t<meta property=\"og:image:type\" content=\"image\/jpeg\" \/>\n<meta name=\"twitter:card\" content=\"summary_large_image\" \/>\n<meta name=\"twitter:label1\" content=\"Dur\u00e9e de lecture estim\u00e9e\" \/>\n\t<meta name=\"twitter:data1\" content=\"1 minute\" \/>\n<script type=\"application\/ld+json\" class=\"yoast-schema-graph\">{\"@context\":\"https:\\\/\\\/schema.org\",\"@graph\":[{\"@type\":\"WebPage\",\"@id\":\"https:\\\/\\\/workbccentre-chilliwack.ca\\\/fr\\\/travail\\\/\",\"url\":\"https:\\\/\\\/workbccentre-chilliwack.ca\\\/fr\\\/travail\\\/\",\"name\":\"Travail - WorkBC Chilliwack\",\"isPartOf\":{\"@id\":\"https:\\\/\\\/workbccentre-chilliwack.ca\\\/fr\\\/#website\"},\"primaryImageOfPage\":{\"@id\":\"https:\\\/\\\/workbccentre-chilliwack.ca\\\/fr\\\/travail\\\/#primaryimage\"},\"image\":{\"@id\":\"https:\\\/\\\/workbccentre-chilliwack.ca\\\/fr\\\/travail\\\/#primaryimage\"},\"thumbnailUrl\":\"https:\\\/\\\/workbccentre-chilliwack.ca\\\/wp-content\\\/uploads\\\/2019\\\/02\\\/careers.jpg\",\"datePublished\":\"2019-02-21T19:25:49+00:00\",\"dateModified\":\"2022-05-24T20:17:53+00:00\",\"description\":\"Le Centre WorkBC est \u00e0 la disposition des chercheurs d\u2019emploi pour les aider \u00e0 trouver leur prochain emploi et pour aider les employeurs \u00e0 trouver leur prochain employ\u00e9 de talent.\",\"breadcrumb\":{\"@id\":\"https:\\\/\\\/workbccentre-chilliwack.ca\\\/fr\\\/travail\\\/#breadcrumb\"},\"inLanguage\":\"fr-FR\",\"potentialAction\":[{\"@type\":\"ReadAction\",\"target\":[\"https:\\\/\\\/workbccentre-chilliwack.ca\\\/fr\\\/travail\\\/\"]}]},{\"@type\":\"ImageObject\",\"inLanguage\":\"fr-FR\",\"@id\":\"https:\\\/\\\/workbccentre-chilliwack.ca\\\/fr\\\/travail\\\/#primaryimage\",\"url\":\"https:\\\/\\\/workbccentre-chilliwack.ca\\\/wp-content\\\/uploads\\\/2019\\\/02\\\/careers.jpg\",\"contentUrl\":\"https:\\\/\\\/workbccentre-chilliwack.ca\\\/wp-content\\\/uploads\\\/2019\\\/02\\\/careers.jpg\",\"width\":1140,\"height\":250},{\"@type\":\"BreadcrumbList\",\"@id\":\"https:\\\/\\\/workbccentre-chilliwack.ca\\\/fr\\\/travail\\\/#breadcrumb\",\"itemListElement\":[{\"@type\":\"ListItem\",\"position\":1,\"name\":\"Accueil\",\"item\":\"\\\/fr\\\/\"},{\"@type\":\"ListItem\",\"position\":2,\"name\":\"Travail\"}]},{\"@type\":\"WebSite\",\"@id\":\"https:\\\/\\\/workbccentre-chilliwack.ca\\\/fr\\\/#website\",\"url\":\"https:\\\/\\\/workbccentre-chilliwack.ca\\\/fr\\\/\",\"name\":\"WorkBC Chilliwack\",\"description\":\"WorkBC | Employment Resources\",\"potentialAction\":[{\"@type\":\"SearchAction\",\"target\":{\"@type\":\"EntryPoint\",\"urlTemplate\":\"https:\\\/\\\/workbccentre-chilliwack.ca\\\/fr\\\/?s={search_term_string}\"},\"query-input\":{\"@type\":\"PropertyValueSpecification\",\"valueRequired\":true,\"valueName\":\"search_term_string\"}}],\"inLanguage\":\"fr-FR\"}]}<\/script>\n<!-- \/ Yoast SEO plugin. -->","yoast_head_json":{"title":"Travail - WorkBC Chilliwack","description":"Le Centre WorkBC est \u00e0 la disposition des chercheurs d\u2019emploi pour les aider \u00e0 trouver leur prochain emploi et pour aider les employeurs \u00e0 trouver leur prochain employ\u00e9 de talent.","robots":{"index":"index","follow":"follow","max-snippet":"max-snippet:-1","max-image-preview":"max-image-preview:large","max-video-preview":"max-video-preview:-1"},"canonical":"https:\/\/workbccentre-chilliwack.ca\/fr\/travail\/","og_locale":"fr_FR","og_type":"article","og_title":"Travail - WorkBC Chilliwack","og_description":"Le Centre WorkBC est \u00e0 la disposition des chercheurs d\u2019emploi pour les aider \u00e0 trouver leur prochain emploi et pour aider les employeurs \u00e0 trouver leur prochain employ\u00e9 de talent.","og_url":"https:\/\/workbccentre-chilliwack.ca\/fr\/travail\/","og_site_name":"WorkBC Chilliwack","article_publisher":"https:\/\/www.facebook.com\/Chilliwack-WorkBC-287288658613646\/","article_modified_time":"2022-05-24T20:17:53+00:00","og_image":[{"width":1140,"height":250,"url":"https:\/\/workbccentre-chilliwack.ca\/wp-content\/uploads\/2019\/02\/careers.jpg","type":"image\/jpeg"}],"twitter_card":"summary_large_image","twitter_misc":{"Dur\u00e9e de lecture estim\u00e9e":"1 minute"},"schema":{"@context":"https:\/\/schema.org","@graph":[{"@type":"WebPage","@id":"https:\/\/workbccentre-chilliwack.ca\/fr\/travail\/","url":"https:\/\/workbccentre-chilliwack.ca\/fr\/travail\/","name":"Travail - WorkBC Chilliwack","isPartOf":{"@id":"https:\/\/workbccentre-chilliwack.ca\/fr\/#website"},"primaryImageOfPage":{"@id":"https:\/\/workbccentre-chilliwack.ca\/fr\/travail\/#primaryimage"},"image":{"@id":"https:\/\/workbccentre-chilliwack.ca\/fr\/travail\/#primaryimage"},"thumbnailUrl":"https:\/\/workbccentre-chilliwack.ca\/wp-content\/uploads\/2019\/02\/careers.jpg","datePublished":"2019-02-21T19:25:49+00:00","dateModified":"2022-05-24T20:17:53+00:00","description":"Le Centre WorkBC est \u00e0 la disposition des chercheurs d\u2019emploi pour les aider \u00e0 trouver leur prochain emploi et pour aider les employeurs \u00e0 trouver leur prochain employ\u00e9 de talent.","breadcrumb":{"@id":"https:\/\/workbccentre-chilliwack.ca\/fr\/travail\/#breadcrumb"},"inLanguage":"fr-FR","potentialAction":[{"@type":"ReadAction","target":["https:\/\/workbccentre-chilliwack.ca\/fr\/travail\/"]}]},{"@type":"ImageObject","inLanguage":"fr-FR","@id":"https:\/\/workbccentre-chilliwack.ca\/fr\/travail\/#primaryimage","url":"https:\/\/workbccentre-chilliwack.ca\/wp-content\/uploads\/2019\/02\/careers.jpg","contentUrl":"https:\/\/workbccentre-chilliwack.ca\/wp-content\/uploads\/2019\/02\/careers.jpg","width":1140,"height":250},{"@type":"BreadcrumbList","@id":"https:\/\/workbccentre-chilliwack.ca\/fr\/travail\/#breadcrumb","itemListElement":[{"@type":"ListItem","position":1,"name":"Accueil","item":"\/fr\/"},{"@type":"ListItem","position":2,"name":"Travail"}]},{"@type":"WebSite","@id":"https:\/\/workbccentre-chilliwack.ca\/fr\/#website","url":"https:\/\/workbccentre-chilliwack.ca\/fr\/","name":"WorkBC Chilliwack","description":"WorkBC | Employment Resources","potentialAction":[{"@type":"SearchAction","target":{"@type":"EntryPoint","urlTemplate":"https:\/\/workbccentre-chilliwack.ca\/fr\/?s={search_term_string}"},"query-input":{"@type":"PropertyValueSpecification","valueRequired":true,"valueName":"search_term_string"}}],"inLanguage":"fr-FR"}]}},"_links":{"self":[{"href":"https:\/\/workbccentre-chilliwack.ca\/fr\/wp-json\/wp\/v2\/pages\/245","targetHints":{"allow":["GET"]}}],"collection":[{"href":"https:\/\/workbccentre-chilliwack.ca\/fr\/wp-json\/wp\/v2\/pages"}],"about":[{"href":"https:\/\/workbccentre-chilliwack.ca\/fr\/wp-json\/wp\/v2\/types\/page"}],"author":[{"embeddable":true,"href":"https:\/\/workbccentre-chilliwack.ca\/fr\/wp-json\/wp\/v2\/users\/3"}],"replies":[{"embeddable":true,"href":"https:\/\/workbccentre-chilliwack.ca\/fr\/wp-json\/wp\/v2\/comments?post=245"}],"version-history":[{"count":0,"href":"https:\/\/workbccentre-chilliwack.ca\/fr\/wp-json\/wp\/v2\/pages\/245\/revisions"}],"wp:featuredmedia":[{"embeddable":true,"href":"https:\/\/workbccentre-chilliwack.ca\/fr\/wp-json\/wp\/v2\/media\/170"}],"wp:attachment":[{"href":"https:\/\/workbccentre-chilliwack.ca\/fr\/wp-json\/wp\/v2\/media?parent=245"}],"curies":[{"name":"wp","href":"https:\/\/api.w.org\/{rel}","templated":true}]}}