{"id":287,"date":"2019-02-22T13:42:59","date_gmt":"2019-02-22T18:42:59","guid":{"rendered":"http:\/\/chilliwack.a2dev.trapeze.ca\/?page_id=287"},"modified":"2024-08-02T09:00:43","modified_gmt":"2024-08-02T16:00:43","slug":"contact","status":"publish","type":"page","link":"https:\/\/workbccentre-chilliwack.ca\/fr\/contact\/","title":{"rendered":"Nous joindre"},"content":{"rendered":"\r\n<p>Chilliwack WorkBC Centre<br \/>200-45905, rue Yale<br \/>Chilliwack, BC V2P 2M6<br \/>T\u00e9l. : <a href=\"https:\/\/workbccentre-chilliwack.ca\/contact-us\/#\" target=\"_blank\" rel=\"noreferrer noopener\">778-860-5452<\/a><\/p>\r\n<p><strong>Heures:\u00a0<\/strong><br \/>Lundi au mercredi : 9 h \u00e0 17 h<br \/>Jeudi : 9 h \u00e0 18 h 30<br \/>Vendredi : 9 h \u00e0 15 h<br \/>Samedi : 11 h \u00e0 15 h<\/p>\r\n\r\n\r\n<p><strong>R\u00e9seaux sociaux:\u00a0<\/strong><br \/><a href=\"https:\/\/www.facebook.com\/Chilliwack-Workbc-287288658613646\"><img loading=\"lazy\" decoding=\"async\" class=\"alignnone wp-image-2147 size-full\" src=\"https:\/\/workbccentre-kelowna.ca\/wp-content\/uploads\/2024\/07\/facebook-solid.png\" alt=\"Facebook\" width=\"24\" height=\"24\" \/><\/a> \u00a0<a href=\"https:\/\/www.instagram.com\/workbc_chilliwack\/\"><img loading=\"lazy\" decoding=\"async\" class=\"alignnone wp-image-2149 size-full\" src=\"https:\/\/workbccentre-kelowna.ca\/wp-content\/uploads\/2024\/07\/instagram-solid.png\" alt=\"Instagram\" width=\"24\" height=\"24\" \/><\/a>\u00a0 <a href=\"https:\/\/www.linkedin.com\/showcase\/workbc-chilliwack\/\"><img loading=\"lazy\" decoding=\"async\" class=\"alignnone wp-image-2151 size-full\" src=\"https:\/\/workbccentre-kelowna.ca\/wp-content\/uploads\/2024\/07\/linkedin-solid.png\" alt=\"Linkedin\" width=\"24\" height=\"24\" \/><\/a><\/p>","protected":false},"excerpt":{"rendered":"<p>Chilliwack WorkBC Centre200-45905, rue YaleChilliwack, BC V2P 2M6T\u00e9l. : 778-860-5452 Heures:\u00a0Lundi au mercredi : 9 h \u00e0 17 hJeudi : 9 h \u00e0 18 h 30Vendredi : 9 h \u00e0 15 hSamedi : 11 h \u00e0 15 h R\u00e9seaux sociaux:\u00a0 \u00a0\u00a0<\/p>\n","protected":false},"author":3,"featured_media":175,"parent":0,"menu_order":0,"comment_status":"closed","ping_status":"closed","template":"","meta":{"_acf_changed":false,"footnotes":""},"class_list":["post-287","page","type-page","status-publish","has-post-thumbnail","hentry"],"acf":[],"yoast_head":"<!-- This site is optimized with the Yoast SEO plugin v27.4 - https:\/\/yoast.com\/product\/yoast-seo-wordpress\/ -->\n<title>Nous joindre - WorkBC Chilliwack<\/title>\n<meta name=\"description\" content=\"Nous offrons aux chercheurs d\u2019emploi l\u2019acc\u00e8s \u00e0 des ressources pour les aider dans leur recherche d\u2019emploi.\" \/>\n<meta name=\"robots\" content=\"index, follow, max-snippet:-1, max-image-preview:large, max-video-preview:-1\" \/>\n<link rel=\"canonical\" href=\"https:\/\/workbccentre-chilliwack.ca\/fr\/contact\/\" \/>\n<meta property=\"og:locale\" content=\"fr_FR\" \/>\n<meta property=\"og:type\" content=\"article\" \/>\n<meta property=\"og:title\" content=\"Nous joindre - WorkBC Chilliwack\" \/>\n<meta property=\"og:description\" content=\"Nous offrons aux chercheurs d\u2019emploi l\u2019acc\u00e8s \u00e0 des ressources pour les aider dans leur recherche d\u2019emploi.\" \/>\n<meta property=\"og:url\" content=\"https:\/\/workbccentre-chilliwack.ca\/fr\/contact\/\" \/>\n<meta property=\"og:site_name\" content=\"WorkBC Chilliwack\" \/>\n<meta property=\"article:publisher\" content=\"https:\/\/www.facebook.com\/Chilliwack-WorkBC-287288658613646\/\" \/>\n<meta property=\"article:modified_time\" content=\"2024-08-02T16:00:43+00:00\" \/>\n<meta property=\"og:image\" content=\"https:\/\/workbccentre-chilliwack.ca\/wp-content\/uploads\/2019\/02\/contact-us.jpg\" \/>\n\t<meta property=\"og:image:width\" content=\"1140\" \/>\n\t<meta property=\"og:image:height\" content=\"250\" \/>\n\t<meta property=\"og:image:type\" content=\"image\/jpeg\" \/>\n<meta name=\"twitter:card\" content=\"summary_large_image\" \/>\n<meta name=\"twitter:label1\" content=\"Dur\u00e9e de lecture estim\u00e9e\" \/>\n\t<meta name=\"twitter:data1\" content=\"1 minute\" \/>\n<script type=\"application\/ld+json\" class=\"yoast-schema-graph\">{\"@context\":\"https:\\\/\\\/schema.org\",\"@graph\":[{\"@type\":\"WebPage\",\"@id\":\"https:\\\/\\\/workbccentre-chilliwack.ca\\\/fr\\\/contact\\\/\",\"url\":\"https:\\\/\\\/workbccentre-chilliwack.ca\\\/fr\\\/contact\\\/\",\"name\":\"Nous joindre - WorkBC Chilliwack\",\"isPartOf\":{\"@id\":\"https:\\\/\\\/workbccentre-chilliwack.ca\\\/fr\\\/#website\"},\"primaryImageOfPage\":{\"@id\":\"https:\\\/\\\/workbccentre-chilliwack.ca\\\/fr\\\/contact\\\/#primaryimage\"},\"image\":{\"@id\":\"https:\\\/\\\/workbccentre-chilliwack.ca\\\/fr\\\/contact\\\/#primaryimage\"},\"thumbnailUrl\":\"https:\\\/\\\/workbccentre-chilliwack.ca\\\/wp-content\\\/uploads\\\/2019\\\/02\\\/contact-us.jpg\",\"datePublished\":\"2019-02-22T18:42:59+00:00\",\"dateModified\":\"2024-08-02T16:00:43+00:00\",\"description\":\"Nous offrons aux chercheurs d\u2019emploi l\u2019acc\u00e8s \u00e0 des ressources pour les aider dans leur recherche d\u2019emploi.\",\"breadcrumb\":{\"@id\":\"https:\\\/\\\/workbccentre-chilliwack.ca\\\/fr\\\/contact\\\/#breadcrumb\"},\"inLanguage\":\"fr-FR\",\"potentialAction\":[{\"@type\":\"ReadAction\",\"target\":[\"https:\\\/\\\/workbccentre-chilliwack.ca\\\/fr\\\/contact\\\/\"]}]},{\"@type\":\"ImageObject\",\"inLanguage\":\"fr-FR\",\"@id\":\"https:\\\/\\\/workbccentre-chilliwack.ca\\\/fr\\\/contact\\\/#primaryimage\",\"url\":\"https:\\\/\\\/workbccentre-chilliwack.ca\\\/wp-content\\\/uploads\\\/2019\\\/02\\\/contact-us.jpg\",\"contentUrl\":\"https:\\\/\\\/workbccentre-chilliwack.ca\\\/wp-content\\\/uploads\\\/2019\\\/02\\\/contact-us.jpg\",\"width\":1140,\"height\":250},{\"@type\":\"BreadcrumbList\",\"@id\":\"https:\\\/\\\/workbccentre-chilliwack.ca\\\/fr\\\/contact\\\/#breadcrumb\",\"itemListElement\":[{\"@type\":\"ListItem\",\"position\":1,\"name\":\"Accueil\",\"item\":\"\\\/fr\\\/\"},{\"@type\":\"ListItem\",\"position\":2,\"name\":\"Nous joindre\"}]},{\"@type\":\"WebSite\",\"@id\":\"https:\\\/\\\/workbccentre-chilliwack.ca\\\/fr\\\/#website\",\"url\":\"https:\\\/\\\/workbccentre-chilliwack.ca\\\/fr\\\/\",\"name\":\"WorkBC Chilliwack\",\"description\":\"WorkBC | Employment Resources\",\"potentialAction\":[{\"@type\":\"SearchAction\",\"target\":{\"@type\":\"EntryPoint\",\"urlTemplate\":\"https:\\\/\\\/workbccentre-chilliwack.ca\\\/fr\\\/?s={search_term_string}\"},\"query-input\":{\"@type\":\"PropertyValueSpecification\",\"valueRequired\":true,\"valueName\":\"search_term_string\"}}],\"inLanguage\":\"fr-FR\"}]}<\/script>\n<!-- \/ Yoast SEO plugin. -->","yoast_head_json":{"title":"Nous joindre - WorkBC Chilliwack","description":"Nous offrons aux chercheurs d\u2019emploi l\u2019acc\u00e8s \u00e0 des ressources pour les aider dans leur recherche d\u2019emploi.","robots":{"index":"index","follow":"follow","max-snippet":"max-snippet:-1","max-image-preview":"max-image-preview:large","max-video-preview":"max-video-preview:-1"},"canonical":"https:\/\/workbccentre-chilliwack.ca\/fr\/contact\/","og_locale":"fr_FR","og_type":"article","og_title":"Nous joindre - WorkBC Chilliwack","og_description":"Nous offrons aux chercheurs d\u2019emploi l\u2019acc\u00e8s \u00e0 des ressources pour les aider dans leur recherche d\u2019emploi.","og_url":"https:\/\/workbccentre-chilliwack.ca\/fr\/contact\/","og_site_name":"WorkBC Chilliwack","article_publisher":"https:\/\/www.facebook.com\/Chilliwack-WorkBC-287288658613646\/","article_modified_time":"2024-08-02T16:00:43+00:00","og_image":[{"width":1140,"height":250,"url":"https:\/\/workbccentre-chilliwack.ca\/wp-content\/uploads\/2019\/02\/contact-us.jpg","type":"image\/jpeg"}],"twitter_card":"summary_large_image","twitter_misc":{"Dur\u00e9e de lecture estim\u00e9e":"1 minute"},"schema":{"@context":"https:\/\/schema.org","@graph":[{"@type":"WebPage","@id":"https:\/\/workbccentre-chilliwack.ca\/fr\/contact\/","url":"https:\/\/workbccentre-chilliwack.ca\/fr\/contact\/","name":"Nous joindre - WorkBC Chilliwack","isPartOf":{"@id":"https:\/\/workbccentre-chilliwack.ca\/fr\/#website"},"primaryImageOfPage":{"@id":"https:\/\/workbccentre-chilliwack.ca\/fr\/contact\/#primaryimage"},"image":{"@id":"https:\/\/workbccentre-chilliwack.ca\/fr\/contact\/#primaryimage"},"thumbnailUrl":"https:\/\/workbccentre-chilliwack.ca\/wp-content\/uploads\/2019\/02\/contact-us.jpg","datePublished":"2019-02-22T18:42:59+00:00","dateModified":"2024-08-02T16:00:43+00:00","description":"Nous offrons aux chercheurs d\u2019emploi l\u2019acc\u00e8s \u00e0 des ressources pour les aider dans leur recherche d\u2019emploi.","breadcrumb":{"@id":"https:\/\/workbccentre-chilliwack.ca\/fr\/contact\/#breadcrumb"},"inLanguage":"fr-FR","potentialAction":[{"@type":"ReadAction","target":["https:\/\/workbccentre-chilliwack.ca\/fr\/contact\/"]}]},{"@type":"ImageObject","inLanguage":"fr-FR","@id":"https:\/\/workbccentre-chilliwack.ca\/fr\/contact\/#primaryimage","url":"https:\/\/workbccentre-chilliwack.ca\/wp-content\/uploads\/2019\/02\/contact-us.jpg","contentUrl":"https:\/\/workbccentre-chilliwack.ca\/wp-content\/uploads\/2019\/02\/contact-us.jpg","width":1140,"height":250},{"@type":"BreadcrumbList","@id":"https:\/\/workbccentre-chilliwack.ca\/fr\/contact\/#breadcrumb","itemListElement":[{"@type":"ListItem","position":1,"name":"Accueil","item":"\/fr\/"},{"@type":"ListItem","position":2,"name":"Nous joindre"}]},{"@type":"WebSite","@id":"https:\/\/workbccentre-chilliwack.ca\/fr\/#website","url":"https:\/\/workbccentre-chilliwack.ca\/fr\/","name":"WorkBC Chilliwack","description":"WorkBC | Employment Resources","potentialAction":[{"@type":"SearchAction","target":{"@type":"EntryPoint","urlTemplate":"https:\/\/workbccentre-chilliwack.ca\/fr\/?s={search_term_string}"},"query-input":{"@type":"PropertyValueSpecification","valueRequired":true,"valueName":"search_term_string"}}],"inLanguage":"fr-FR"}]}},"_links":{"self":[{"href":"https:\/\/workbccentre-chilliwack.ca\/fr\/wp-json\/wp\/v2\/pages\/287","targetHints":{"allow":["GET"]}}],"collection":[{"href":"https:\/\/workbccentre-chilliwack.ca\/fr\/wp-json\/wp\/v2\/pages"}],"about":[{"href":"https:\/\/workbccentre-chilliwack.ca\/fr\/wp-json\/wp\/v2\/types\/page"}],"author":[{"embeddable":true,"href":"https:\/\/workbccentre-chilliwack.ca\/fr\/wp-json\/wp\/v2\/users\/3"}],"replies":[{"embeddable":true,"href":"https:\/\/workbccentre-chilliwack.ca\/fr\/wp-json\/wp\/v2\/comments?post=287"}],"version-history":[{"count":0,"href":"https:\/\/workbccentre-chilliwack.ca\/fr\/wp-json\/wp\/v2\/pages\/287\/revisions"}],"wp:featuredmedia":[{"embeddable":true,"href":"https:\/\/workbccentre-chilliwack.ca\/fr\/wp-json\/wp\/v2\/media\/175"}],"wp:attachment":[{"href":"https:\/\/workbccentre-chilliwack.ca\/fr\/wp-json\/wp\/v2\/media?parent=287"}],"curies":[{"name":"wp","href":"https:\/\/api.w.org\/{rel}","templated":true}]}}