{"id":304,"date":"2019-02-22T14:09:45","date_gmt":"2019-02-22T19:09:45","guid":{"rendered":"http:\/\/chilliwack.a2dev.trapeze.ca\/?page_id=304"},"modified":"2019-03-29T19:10:42","modified_gmt":"2019-03-29T23:10:42","slug":"centre-de-recherche-demploi","status":"publish","type":"page","link":"https:\/\/workbccentre-chilliwack.ca\/fr\/travail\/centre-de-recherche-demploi\/","title":{"rendered":"Centre de recherche d\u2019emploi"},"content":{"rendered":"\n<p>Notre\ncentre WorkBC offre de nombreuses ressources libre-service \u00e0 toute personne \u00e0\nla recherche d\u2019un emploi. Visitez-nous d\u00e8s aujourd\u2019hui pour acc\u00e9der aux\nressources suivantes :<\/p>\n\n\n\n<ul class=\"wp-block-list\"><li>Offres d\u2019emploi mises \u00e0 jour quotidiennement sur notre site d\u2019emploi<\/li><li>Ordinateurs pour cr\u00e9er des CV et des lettres de pr\u00e9sentation et pour chercher des offres d\u2019emploi en ligne<\/li><li>Logiciels disponibles pour la r\u00e9daction de CV<\/li><li>Outils de planification de carri\u00e8re pour vous aider \u00e0 d\u00e9terminer la carri\u00e8re et la formation qui vous conviennent le mieux.<\/li><li>Acc\u00e8s \u00e0 l\u2019imprimante et au photocopieur pour faire des copies de vos CV, de vos lettres de pr\u00e9sentation et d\u2019autres documents li\u00e9s \u00e0 votre recherche d\u2019emploi.<\/li><li>T\u00e9l\u00e9copie et num\u00e9risation de documents li\u00e9s \u00e0 votre recherche d\u2019emploi<\/li><li>Acc\u00e8s t\u00e9l\u00e9phonique pour joindre des employeurs potentiels<\/li><li>Ressources en mati\u00e8re d\u2019emploi, notamment journaux, magazines, livres, mat\u00e9riel didactique et information sur le march\u00e9 du travail.<\/li><li>\u00c9quipe sympathique pour vous aider \u00e0 acc\u00e9der \u00e0 nos services et \u00e0 nos ressources et pour r\u00e9pondre \u00e0 vos questions <\/li><\/ul>\n","protected":false},"excerpt":{"rendered":"<p>Notre centre WorkBC offre de nombreuses ressources libre-service \u00e0 toute personne \u00e0 la recherche d\u2019un emploi. Visitez-nous d\u00e8s aujourd\u2019hui pour acc\u00e9der aux ressources suivantes : Offres d\u2019emploi mises \u00e0 jour quotidiennement sur notre site d\u2019emploi Ordinateurs pour cr\u00e9er des CV et des lettres de pr\u00e9sentation et pour chercher des offres d\u2019emploi en ligne Logiciels disponibles [&hellip;]<\/p>\n","protected":false},"author":3,"featured_media":341,"parent":245,"menu_order":0,"comment_status":"closed","ping_status":"closed","template":"","meta":{"_acf_changed":false,"footnotes":""},"class_list":["post-304","page","type-page","status-publish","has-post-thumbnail","hentry"],"acf":[],"yoast_head":"<!-- This site is optimized with the Yoast SEO plugin v27.4 - https:\/\/yoast.com\/product\/yoast-seo-wordpress\/ -->\n<title>Centre de recherche d\u2019emploi - WorkBC Chilliwack<\/title>\n<meta name=\"description\" content=\"Notre centre WorkBC offre de nombreuses ressources libre-service \u00e0 toute personne \u00e0 la recherche d\u2019un emploi.\" \/>\n<meta name=\"robots\" content=\"index, follow, max-snippet:-1, max-image-preview:large, max-video-preview:-1\" \/>\n<link rel=\"canonical\" href=\"https:\/\/workbccentre-chilliwack.ca\/fr\/travail\/centre-de-recherche-demploi\/\" \/>\n<meta property=\"og:locale\" content=\"fr_FR\" \/>\n<meta property=\"og:type\" content=\"article\" \/>\n<meta property=\"og:title\" content=\"Centre de recherche d\u2019emploi - WorkBC Chilliwack\" \/>\n<meta property=\"og:description\" content=\"Notre centre WorkBC offre de nombreuses ressources libre-service \u00e0 toute personne \u00e0 la recherche d\u2019un emploi.\" \/>\n<meta property=\"og:url\" content=\"https:\/\/workbccentre-chilliwack.ca\/fr\/travail\/centre-de-recherche-demploi\/\" \/>\n<meta property=\"og:site_name\" content=\"WorkBC Chilliwack\" \/>\n<meta property=\"article:publisher\" content=\"https:\/\/www.facebook.com\/Chilliwack-WorkBC-287288658613646\/\" \/>\n<meta property=\"article:modified_time\" content=\"2019-03-29T23:10:42+00:00\" \/>\n<meta property=\"og:image\" content=\"https:\/\/workbccentre-chilliwack.ca\/wp-content\/uploads\/2019\/02\/workbc_work_search_centre.jpg\" \/>\n\t<meta property=\"og:image:width\" content=\"1140\" \/>\n\t<meta property=\"og:image:height\" content=\"250\" \/>\n\t<meta property=\"og:image:type\" content=\"image\/jpeg\" \/>\n<meta name=\"twitter:card\" content=\"summary_large_image\" \/>\n<meta name=\"twitter:label1\" content=\"Dur\u00e9e de lecture estim\u00e9e\" \/>\n\t<meta name=\"twitter:data1\" content=\"1 minute\" \/>\n<script type=\"application\/ld+json\" class=\"yoast-schema-graph\">{\"@context\":\"https:\\\/\\\/schema.org\",\"@graph\":[{\"@type\":\"WebPage\",\"@id\":\"https:\\\/\\\/workbccentre-chilliwack.ca\\\/fr\\\/travail\\\/centre-de-recherche-demploi\\\/\",\"url\":\"https:\\\/\\\/workbccentre-chilliwack.ca\\\/fr\\\/travail\\\/centre-de-recherche-demploi\\\/\",\"name\":\"Centre de recherche d\u2019emploi - WorkBC Chilliwack\",\"isPartOf\":{\"@id\":\"https:\\\/\\\/workbccentre-chilliwack.ca\\\/fr\\\/#website\"},\"primaryImageOfPage\":{\"@id\":\"https:\\\/\\\/workbccentre-chilliwack.ca\\\/fr\\\/travail\\\/centre-de-recherche-demploi\\\/#primaryimage\"},\"image\":{\"@id\":\"https:\\\/\\\/workbccentre-chilliwack.ca\\\/fr\\\/travail\\\/centre-de-recherche-demploi\\\/#primaryimage\"},\"thumbnailUrl\":\"https:\\\/\\\/workbccentre-chilliwack.ca\\\/wp-content\\\/uploads\\\/2019\\\/02\\\/workbc_work_search_centre.jpg\",\"datePublished\":\"2019-02-22T19:09:45+00:00\",\"dateModified\":\"2019-03-29T23:10:42+00:00\",\"description\":\"Notre centre WorkBC offre de nombreuses ressources libre-service \u00e0 toute personne \u00e0 la recherche d\u2019un emploi.\",\"breadcrumb\":{\"@id\":\"https:\\\/\\\/workbccentre-chilliwack.ca\\\/fr\\\/travail\\\/centre-de-recherche-demploi\\\/#breadcrumb\"},\"inLanguage\":\"fr-FR\",\"potentialAction\":[{\"@type\":\"ReadAction\",\"target\":[\"https:\\\/\\\/workbccentre-chilliwack.ca\\\/fr\\\/travail\\\/centre-de-recherche-demploi\\\/\"]}]},{\"@type\":\"ImageObject\",\"inLanguage\":\"fr-FR\",\"@id\":\"https:\\\/\\\/workbccentre-chilliwack.ca\\\/fr\\\/travail\\\/centre-de-recherche-demploi\\\/#primaryimage\",\"url\":\"https:\\\/\\\/workbccentre-chilliwack.ca\\\/wp-content\\\/uploads\\\/2019\\\/02\\\/workbc_work_search_centre.jpg\",\"contentUrl\":\"https:\\\/\\\/workbccentre-chilliwack.ca\\\/wp-content\\\/uploads\\\/2019\\\/02\\\/workbc_work_search_centre.jpg\",\"width\":1140,\"height\":250},{\"@type\":\"BreadcrumbList\",\"@id\":\"https:\\\/\\\/workbccentre-chilliwack.ca\\\/fr\\\/travail\\\/centre-de-recherche-demploi\\\/#breadcrumb\",\"itemListElement\":[{\"@type\":\"ListItem\",\"position\":1,\"name\":\"Accueil\",\"item\":\"\\\/fr\\\/\"},{\"@type\":\"ListItem\",\"position\":2,\"name\":\"Travail\",\"item\":\"\\\/fr\\\/travail\\\/\"},{\"@type\":\"ListItem\",\"position\":3,\"name\":\"Centre de recherche d\u2019emploi\"}]},{\"@type\":\"WebSite\",\"@id\":\"https:\\\/\\\/workbccentre-chilliwack.ca\\\/fr\\\/#website\",\"url\":\"https:\\\/\\\/workbccentre-chilliwack.ca\\\/fr\\\/\",\"name\":\"WorkBC Chilliwack\",\"description\":\"WorkBC | Employment Resources\",\"potentialAction\":[{\"@type\":\"SearchAction\",\"target\":{\"@type\":\"EntryPoint\",\"urlTemplate\":\"https:\\\/\\\/workbccentre-chilliwack.ca\\\/fr\\\/?s={search_term_string}\"},\"query-input\":{\"@type\":\"PropertyValueSpecification\",\"valueRequired\":true,\"valueName\":\"search_term_string\"}}],\"inLanguage\":\"fr-FR\"}]}<\/script>\n<!-- \/ Yoast SEO plugin. -->","yoast_head_json":{"title":"Centre de recherche d\u2019emploi - WorkBC Chilliwack","description":"Notre centre WorkBC offre de nombreuses ressources libre-service \u00e0 toute personne \u00e0 la recherche d\u2019un emploi.","robots":{"index":"index","follow":"follow","max-snippet":"max-snippet:-1","max-image-preview":"max-image-preview:large","max-video-preview":"max-video-preview:-1"},"canonical":"https:\/\/workbccentre-chilliwack.ca\/fr\/travail\/centre-de-recherche-demploi\/","og_locale":"fr_FR","og_type":"article","og_title":"Centre de recherche d\u2019emploi - WorkBC Chilliwack","og_description":"Notre centre WorkBC offre de nombreuses ressources libre-service \u00e0 toute personne \u00e0 la recherche d\u2019un emploi.","og_url":"https:\/\/workbccentre-chilliwack.ca\/fr\/travail\/centre-de-recherche-demploi\/","og_site_name":"WorkBC Chilliwack","article_publisher":"https:\/\/www.facebook.com\/Chilliwack-WorkBC-287288658613646\/","article_modified_time":"2019-03-29T23:10:42+00:00","og_image":[{"width":1140,"height":250,"url":"https:\/\/workbccentre-chilliwack.ca\/wp-content\/uploads\/2019\/02\/workbc_work_search_centre.jpg","type":"image\/jpeg"}],"twitter_card":"summary_large_image","twitter_misc":{"Dur\u00e9e de lecture estim\u00e9e":"1 minute"},"schema":{"@context":"https:\/\/schema.org","@graph":[{"@type":"WebPage","@id":"https:\/\/workbccentre-chilliwack.ca\/fr\/travail\/centre-de-recherche-demploi\/","url":"https:\/\/workbccentre-chilliwack.ca\/fr\/travail\/centre-de-recherche-demploi\/","name":"Centre de recherche d\u2019emploi - WorkBC Chilliwack","isPartOf":{"@id":"https:\/\/workbccentre-chilliwack.ca\/fr\/#website"},"primaryImageOfPage":{"@id":"https:\/\/workbccentre-chilliwack.ca\/fr\/travail\/centre-de-recherche-demploi\/#primaryimage"},"image":{"@id":"https:\/\/workbccentre-chilliwack.ca\/fr\/travail\/centre-de-recherche-demploi\/#primaryimage"},"thumbnailUrl":"https:\/\/workbccentre-chilliwack.ca\/wp-content\/uploads\/2019\/02\/workbc_work_search_centre.jpg","datePublished":"2019-02-22T19:09:45+00:00","dateModified":"2019-03-29T23:10:42+00:00","description":"Notre centre WorkBC offre de nombreuses ressources libre-service \u00e0 toute personne \u00e0 la recherche d\u2019un emploi.","breadcrumb":{"@id":"https:\/\/workbccentre-chilliwack.ca\/fr\/travail\/centre-de-recherche-demploi\/#breadcrumb"},"inLanguage":"fr-FR","potentialAction":[{"@type":"ReadAction","target":["https:\/\/workbccentre-chilliwack.ca\/fr\/travail\/centre-de-recherche-demploi\/"]}]},{"@type":"ImageObject","inLanguage":"fr-FR","@id":"https:\/\/workbccentre-chilliwack.ca\/fr\/travail\/centre-de-recherche-demploi\/#primaryimage","url":"https:\/\/workbccentre-chilliwack.ca\/wp-content\/uploads\/2019\/02\/workbc_work_search_centre.jpg","contentUrl":"https:\/\/workbccentre-chilliwack.ca\/wp-content\/uploads\/2019\/02\/workbc_work_search_centre.jpg","width":1140,"height":250},{"@type":"BreadcrumbList","@id":"https:\/\/workbccentre-chilliwack.ca\/fr\/travail\/centre-de-recherche-demploi\/#breadcrumb","itemListElement":[{"@type":"ListItem","position":1,"name":"Accueil","item":"\/fr\/"},{"@type":"ListItem","position":2,"name":"Travail","item":"\/fr\/travail\/"},{"@type":"ListItem","position":3,"name":"Centre de recherche d\u2019emploi"}]},{"@type":"WebSite","@id":"https:\/\/workbccentre-chilliwack.ca\/fr\/#website","url":"https:\/\/workbccentre-chilliwack.ca\/fr\/","name":"WorkBC Chilliwack","description":"WorkBC | Employment Resources","potentialAction":[{"@type":"SearchAction","target":{"@type":"EntryPoint","urlTemplate":"https:\/\/workbccentre-chilliwack.ca\/fr\/?s={search_term_string}"},"query-input":{"@type":"PropertyValueSpecification","valueRequired":true,"valueName":"search_term_string"}}],"inLanguage":"fr-FR"}]}},"_links":{"self":[{"href":"https:\/\/workbccentre-chilliwack.ca\/fr\/wp-json\/wp\/v2\/pages\/304","targetHints":{"allow":["GET"]}}],"collection":[{"href":"https:\/\/workbccentre-chilliwack.ca\/fr\/wp-json\/wp\/v2\/pages"}],"about":[{"href":"https:\/\/workbccentre-chilliwack.ca\/fr\/wp-json\/wp\/v2\/types\/page"}],"author":[{"embeddable":true,"href":"https:\/\/workbccentre-chilliwack.ca\/fr\/wp-json\/wp\/v2\/users\/3"}],"replies":[{"embeddable":true,"href":"https:\/\/workbccentre-chilliwack.ca\/fr\/wp-json\/wp\/v2\/comments?post=304"}],"version-history":[{"count":0,"href":"https:\/\/workbccentre-chilliwack.ca\/fr\/wp-json\/wp\/v2\/pages\/304\/revisions"}],"up":[{"embeddable":true,"href":"https:\/\/workbccentre-chilliwack.ca\/fr\/wp-json\/wp\/v2\/pages\/245"}],"wp:featuredmedia":[{"embeddable":true,"href":"https:\/\/workbccentre-chilliwack.ca\/fr\/wp-json\/wp\/v2\/media\/341"}],"wp:attachment":[{"href":"https:\/\/workbccentre-chilliwack.ca\/fr\/wp-json\/wp\/v2\/media?parent=304"}],"curies":[{"name":"wp","href":"https:\/\/api.w.org\/{rel}","templated":true}]}}