{"id":307,"date":"2019-02-22T14:17:26","date_gmt":"2019-02-22T19:17:26","guid":{"rendered":"http:\/\/chilliwack.a2dev.trapeze.ca\/?page_id=307"},"modified":"2019-03-29T19:15:00","modified_gmt":"2019-03-29T23:15:00","slug":"travail-independant-pour-les-chercheurs-demploi","status":"publish","type":"page","link":"https:\/\/workbccentre-chilliwack.ca\/fr\/travail\/travail-independant-pour-les-chercheurs-demploi\/","title":{"rendered":"Travail ind\u00e9pendant pour les chercheurs d\u2019emploi"},"content":{"rendered":"\n<p>Vous\nr\u00eavez d\u2019\u00eatre votre propre patron? Notre programme d\u2019aide au travail ind\u00e9pendant\noffre une aide financi\u00e8re et un soutien \u00e0 l\u2019entrepreneuriat aux personnes\nadmissibles pendant qu\u2019elles assoient et b\u00e2tissent leur entreprise! Les\nservices d\u2019aide au travail ind\u00e9pendant comprennent un soutien \u00e0 l\u2019\u00e9laboration d\u2019un\nplan d\u2019affaires, des ateliers d\u2019entrepreneuriat, un encadrement et un mentorat\nainsi que le lancement et la mise en \u0153uvre d\u2019entreprises. Pour \u00eatre admissible\naux services d\u2019aide au travail ind\u00e9pendant, votre entreprise doit \u00eatre&nbsp;:<\/p>\n\n\n\n<ol class=\"wp-block-list\"><li>une nouvelle entreprise ou<\/li><li>une entreprise existante dans laquelle le participant admissible ne d\u00e9tenait aucun droit de propri\u00e9t\u00e9 ant\u00e9rieur et<\/li><li>une entreprise qui n\u2019entra\u00eenera pas la faillite d\u2019une autre personne.<\/li><\/ol>\n\n\n\n<p>L\u2019agr\u00e9ment\nest fond\u00e9 sur le concept commercial d\u2019un client admissible \u00e9valu\u00e9 en fonction\nde sa viabilit\u00e9 et de son impact sur la collectivit\u00e9 ainsi que sur les aptitudes,\nles comp\u00e9tences et les connaissances du demandeur et sur le degr\u00e9 d\u2019exp\u00e9rience qu\u2019elle\nposs\u00e8de sur les produits ou les services li\u00e9s au concept commercial qu\u2019il\npropose.<\/p>\n\n\n\n<p>Nos crit\u00e8res\nd\u2019admissibilit\u00e9 sont en place, alors visitez notre centre pour savoir si vous\n\u00eates admissible \u00e0 nos services d\u2019aide au travail ind\u00e9pendant.<\/p>\n","protected":false},"excerpt":{"rendered":"<p>Vous r\u00eavez d\u2019\u00eatre votre propre patron? Notre programme d\u2019aide au travail ind\u00e9pendant offre une aide financi\u00e8re et un soutien \u00e0 l\u2019entrepreneuriat aux personnes admissibles pendant qu\u2019elles assoient et b\u00e2tissent leur entreprise! Les services d\u2019aide au travail ind\u00e9pendant comprennent un soutien \u00e0 l\u2019\u00e9laboration d\u2019un plan d\u2019affaires, des ateliers d\u2019entrepreneuriat, un encadrement et un mentorat ainsi que [&hellip;]<\/p>\n","protected":false},"author":3,"featured_media":171,"parent":245,"menu_order":0,"comment_status":"closed","ping_status":"closed","template":"","meta":{"_acf_changed":false,"footnotes":""},"class_list":["post-307","page","type-page","status-publish","has-post-thumbnail","hentry"],"acf":[],"yoast_head":"<!-- This site is optimized with the Yoast SEO plugin v27.4 - https:\/\/yoast.com\/product\/yoast-seo-wordpress\/ -->\n<title>Travail ind\u00e9pendant pour les chercheurs d\u2019emploi - WorkBC Chilliwack<\/title>\n<meta name=\"description\" content=\"Notre programme d\u2019aide au travail ind\u00e9pendant offre une aide financi\u00e8re et un soutien \u00e0 l\u2019entrepreneuriat aux personnes admissibles pendant qu\u2019elles assoient et b\u00e2tissent leur entreprise.\" \/>\n<meta name=\"robots\" content=\"index, follow, max-snippet:-1, max-image-preview:large, max-video-preview:-1\" \/>\n<link rel=\"canonical\" href=\"https:\/\/workbccentre-chilliwack.ca\/fr\/travail\/travail-independant-pour-les-chercheurs-demploi\/\" \/>\n<meta property=\"og:locale\" content=\"fr_FR\" \/>\n<meta property=\"og:type\" content=\"article\" \/>\n<meta property=\"og:title\" content=\"Travail ind\u00e9pendant pour les chercheurs d\u2019emploi - WorkBC Chilliwack\" \/>\n<meta property=\"og:description\" content=\"Notre programme d\u2019aide au travail ind\u00e9pendant offre une aide financi\u00e8re et un soutien \u00e0 l\u2019entrepreneuriat aux personnes admissibles pendant qu\u2019elles assoient et b\u00e2tissent leur entreprise.\" \/>\n<meta property=\"og:url\" content=\"https:\/\/workbccentre-chilliwack.ca\/fr\/travail\/travail-independant-pour-les-chercheurs-demploi\/\" \/>\n<meta property=\"og:site_name\" content=\"WorkBC Chilliwack\" \/>\n<meta property=\"article:publisher\" content=\"https:\/\/www.facebook.com\/Chilliwack-WorkBC-287288658613646\/\" \/>\n<meta property=\"article:modified_time\" content=\"2019-03-29T23:15:00+00:00\" \/>\n<meta property=\"og:image\" content=\"https:\/\/workbccentre-chilliwack.ca\/wp-content\/uploads\/2019\/02\/self-employment.jpg\" \/>\n\t<meta property=\"og:image:width\" content=\"1140\" \/>\n\t<meta property=\"og:image:height\" content=\"250\" \/>\n\t<meta property=\"og:image:type\" content=\"image\/jpeg\" \/>\n<meta name=\"twitter:card\" content=\"summary_large_image\" \/>\n<meta name=\"twitter:label1\" content=\"Dur\u00e9e de lecture estim\u00e9e\" \/>\n\t<meta name=\"twitter:data1\" content=\"1 minute\" \/>\n<script type=\"application\/ld+json\" class=\"yoast-schema-graph\">{\"@context\":\"https:\\\/\\\/schema.org\",\"@graph\":[{\"@type\":\"WebPage\",\"@id\":\"https:\\\/\\\/workbccentre-chilliwack.ca\\\/fr\\\/travail\\\/travail-independant-pour-les-chercheurs-demploi\\\/\",\"url\":\"https:\\\/\\\/workbccentre-chilliwack.ca\\\/fr\\\/travail\\\/travail-independant-pour-les-chercheurs-demploi\\\/\",\"name\":\"Travail ind\u00e9pendant pour les chercheurs d\u2019emploi - WorkBC Chilliwack\",\"isPartOf\":{\"@id\":\"https:\\\/\\\/workbccentre-chilliwack.ca\\\/fr\\\/#website\"},\"primaryImageOfPage\":{\"@id\":\"https:\\\/\\\/workbccentre-chilliwack.ca\\\/fr\\\/travail\\\/travail-independant-pour-les-chercheurs-demploi\\\/#primaryimage\"},\"image\":{\"@id\":\"https:\\\/\\\/workbccentre-chilliwack.ca\\\/fr\\\/travail\\\/travail-independant-pour-les-chercheurs-demploi\\\/#primaryimage\"},\"thumbnailUrl\":\"https:\\\/\\\/workbccentre-chilliwack.ca\\\/wp-content\\\/uploads\\\/2019\\\/02\\\/self-employment.jpg\",\"datePublished\":\"2019-02-22T19:17:26+00:00\",\"dateModified\":\"2019-03-29T23:15:00+00:00\",\"description\":\"Notre programme d\u2019aide au travail ind\u00e9pendant offre une aide financi\u00e8re et un soutien \u00e0 l\u2019entrepreneuriat aux personnes admissibles pendant qu\u2019elles assoient et b\u00e2tissent leur entreprise.\",\"breadcrumb\":{\"@id\":\"https:\\\/\\\/workbccentre-chilliwack.ca\\\/fr\\\/travail\\\/travail-independant-pour-les-chercheurs-demploi\\\/#breadcrumb\"},\"inLanguage\":\"fr-FR\",\"potentialAction\":[{\"@type\":\"ReadAction\",\"target\":[\"https:\\\/\\\/workbccentre-chilliwack.ca\\\/fr\\\/travail\\\/travail-independant-pour-les-chercheurs-demploi\\\/\"]}]},{\"@type\":\"ImageObject\",\"inLanguage\":\"fr-FR\",\"@id\":\"https:\\\/\\\/workbccentre-chilliwack.ca\\\/fr\\\/travail\\\/travail-independant-pour-les-chercheurs-demploi\\\/#primaryimage\",\"url\":\"https:\\\/\\\/workbccentre-chilliwack.ca\\\/wp-content\\\/uploads\\\/2019\\\/02\\\/self-employment.jpg\",\"contentUrl\":\"https:\\\/\\\/workbccentre-chilliwack.ca\\\/wp-content\\\/uploads\\\/2019\\\/02\\\/self-employment.jpg\",\"width\":1140,\"height\":250},{\"@type\":\"BreadcrumbList\",\"@id\":\"https:\\\/\\\/workbccentre-chilliwack.ca\\\/fr\\\/travail\\\/travail-independant-pour-les-chercheurs-demploi\\\/#breadcrumb\",\"itemListElement\":[{\"@type\":\"ListItem\",\"position\":1,\"name\":\"Accueil\",\"item\":\"\\\/fr\\\/\"},{\"@type\":\"ListItem\",\"position\":2,\"name\":\"Travail\",\"item\":\"\\\/fr\\\/travail\\\/\"},{\"@type\":\"ListItem\",\"position\":3,\"name\":\"Travail ind\u00e9pendant pour les chercheurs d\u2019emploi\"}]},{\"@type\":\"WebSite\",\"@id\":\"https:\\\/\\\/workbccentre-chilliwack.ca\\\/fr\\\/#website\",\"url\":\"https:\\\/\\\/workbccentre-chilliwack.ca\\\/fr\\\/\",\"name\":\"WorkBC Chilliwack\",\"description\":\"WorkBC | Employment Resources\",\"potentialAction\":[{\"@type\":\"SearchAction\",\"target\":{\"@type\":\"EntryPoint\",\"urlTemplate\":\"https:\\\/\\\/workbccentre-chilliwack.ca\\\/fr\\\/?s={search_term_string}\"},\"query-input\":{\"@type\":\"PropertyValueSpecification\",\"valueRequired\":true,\"valueName\":\"search_term_string\"}}],\"inLanguage\":\"fr-FR\"}]}<\/script>\n<!-- \/ Yoast SEO plugin. -->","yoast_head_json":{"title":"Travail ind\u00e9pendant pour les chercheurs d\u2019emploi - WorkBC Chilliwack","description":"Notre programme d\u2019aide au travail ind\u00e9pendant offre une aide financi\u00e8re et un soutien \u00e0 l\u2019entrepreneuriat aux personnes admissibles pendant qu\u2019elles assoient et b\u00e2tissent leur entreprise.","robots":{"index":"index","follow":"follow","max-snippet":"max-snippet:-1","max-image-preview":"max-image-preview:large","max-video-preview":"max-video-preview:-1"},"canonical":"https:\/\/workbccentre-chilliwack.ca\/fr\/travail\/travail-independant-pour-les-chercheurs-demploi\/","og_locale":"fr_FR","og_type":"article","og_title":"Travail ind\u00e9pendant pour les chercheurs d\u2019emploi - WorkBC Chilliwack","og_description":"Notre programme d\u2019aide au travail ind\u00e9pendant offre une aide financi\u00e8re et un soutien \u00e0 l\u2019entrepreneuriat aux personnes admissibles pendant qu\u2019elles assoient et b\u00e2tissent leur entreprise.","og_url":"https:\/\/workbccentre-chilliwack.ca\/fr\/travail\/travail-independant-pour-les-chercheurs-demploi\/","og_site_name":"WorkBC Chilliwack","article_publisher":"https:\/\/www.facebook.com\/Chilliwack-WorkBC-287288658613646\/","article_modified_time":"2019-03-29T23:15:00+00:00","og_image":[{"width":1140,"height":250,"url":"https:\/\/workbccentre-chilliwack.ca\/wp-content\/uploads\/2019\/02\/self-employment.jpg","type":"image\/jpeg"}],"twitter_card":"summary_large_image","twitter_misc":{"Dur\u00e9e de lecture estim\u00e9e":"1 minute"},"schema":{"@context":"https:\/\/schema.org","@graph":[{"@type":"WebPage","@id":"https:\/\/workbccentre-chilliwack.ca\/fr\/travail\/travail-independant-pour-les-chercheurs-demploi\/","url":"https:\/\/workbccentre-chilliwack.ca\/fr\/travail\/travail-independant-pour-les-chercheurs-demploi\/","name":"Travail ind\u00e9pendant pour les chercheurs d\u2019emploi - WorkBC Chilliwack","isPartOf":{"@id":"https:\/\/workbccentre-chilliwack.ca\/fr\/#website"},"primaryImageOfPage":{"@id":"https:\/\/workbccentre-chilliwack.ca\/fr\/travail\/travail-independant-pour-les-chercheurs-demploi\/#primaryimage"},"image":{"@id":"https:\/\/workbccentre-chilliwack.ca\/fr\/travail\/travail-independant-pour-les-chercheurs-demploi\/#primaryimage"},"thumbnailUrl":"https:\/\/workbccentre-chilliwack.ca\/wp-content\/uploads\/2019\/02\/self-employment.jpg","datePublished":"2019-02-22T19:17:26+00:00","dateModified":"2019-03-29T23:15:00+00:00","description":"Notre programme d\u2019aide au travail ind\u00e9pendant offre une aide financi\u00e8re et un soutien \u00e0 l\u2019entrepreneuriat aux personnes admissibles pendant qu\u2019elles assoient et b\u00e2tissent leur entreprise.","breadcrumb":{"@id":"https:\/\/workbccentre-chilliwack.ca\/fr\/travail\/travail-independant-pour-les-chercheurs-demploi\/#breadcrumb"},"inLanguage":"fr-FR","potentialAction":[{"@type":"ReadAction","target":["https:\/\/workbccentre-chilliwack.ca\/fr\/travail\/travail-independant-pour-les-chercheurs-demploi\/"]}]},{"@type":"ImageObject","inLanguage":"fr-FR","@id":"https:\/\/workbccentre-chilliwack.ca\/fr\/travail\/travail-independant-pour-les-chercheurs-demploi\/#primaryimage","url":"https:\/\/workbccentre-chilliwack.ca\/wp-content\/uploads\/2019\/02\/self-employment.jpg","contentUrl":"https:\/\/workbccentre-chilliwack.ca\/wp-content\/uploads\/2019\/02\/self-employment.jpg","width":1140,"height":250},{"@type":"BreadcrumbList","@id":"https:\/\/workbccentre-chilliwack.ca\/fr\/travail\/travail-independant-pour-les-chercheurs-demploi\/#breadcrumb","itemListElement":[{"@type":"ListItem","position":1,"name":"Accueil","item":"\/fr\/"},{"@type":"ListItem","position":2,"name":"Travail","item":"\/fr\/travail\/"},{"@type":"ListItem","position":3,"name":"Travail ind\u00e9pendant pour les chercheurs d\u2019emploi"}]},{"@type":"WebSite","@id":"https:\/\/workbccentre-chilliwack.ca\/fr\/#website","url":"https:\/\/workbccentre-chilliwack.ca\/fr\/","name":"WorkBC Chilliwack","description":"WorkBC | Employment Resources","potentialAction":[{"@type":"SearchAction","target":{"@type":"EntryPoint","urlTemplate":"https:\/\/workbccentre-chilliwack.ca\/fr\/?s={search_term_string}"},"query-input":{"@type":"PropertyValueSpecification","valueRequired":true,"valueName":"search_term_string"}}],"inLanguage":"fr-FR"}]}},"_links":{"self":[{"href":"https:\/\/workbccentre-chilliwack.ca\/fr\/wp-json\/wp\/v2\/pages\/307","targetHints":{"allow":["GET"]}}],"collection":[{"href":"https:\/\/workbccentre-chilliwack.ca\/fr\/wp-json\/wp\/v2\/pages"}],"about":[{"href":"https:\/\/workbccentre-chilliwack.ca\/fr\/wp-json\/wp\/v2\/types\/page"}],"author":[{"embeddable":true,"href":"https:\/\/workbccentre-chilliwack.ca\/fr\/wp-json\/wp\/v2\/users\/3"}],"replies":[{"embeddable":true,"href":"https:\/\/workbccentre-chilliwack.ca\/fr\/wp-json\/wp\/v2\/comments?post=307"}],"version-history":[{"count":0,"href":"https:\/\/workbccentre-chilliwack.ca\/fr\/wp-json\/wp\/v2\/pages\/307\/revisions"}],"up":[{"embeddable":true,"href":"https:\/\/workbccentre-chilliwack.ca\/fr\/wp-json\/wp\/v2\/pages\/245"}],"wp:featuredmedia":[{"embeddable":true,"href":"https:\/\/workbccentre-chilliwack.ca\/fr\/wp-json\/wp\/v2\/media\/171"}],"wp:attachment":[{"href":"https:\/\/workbccentre-chilliwack.ca\/fr\/wp-json\/wp\/v2\/media?parent=307"}],"curies":[{"name":"wp","href":"https:\/\/api.w.org\/{rel}","templated":true}]}}