{"id":375,"date":"2019-03-20T13:02:41","date_gmt":"2019-03-20T17:02:41","guid":{"rendered":"http:\/\/chilliwack.a2dev.trapeze.ca\/?page_id=375"},"modified":"2019-03-29T19:08:17","modified_gmt":"2019-03-29T23:08:17","slug":"trouver-du-personnel","status":"publish","type":"page","link":"https:\/\/workbccentre-chilliwack.ca\/fr\/trouver-du-personnel\/","title":{"rendered":"Personnel"},"content":{"rendered":"\n<h2 class=\"wp-block-heading\">Trouver des personnes pr\u00eates \u00e0 travailler. Si vous cherchez des travailleurs \u00e0 embaucher \u00e0 Chilliwack ou dans les environs, WorkBC peut vous mettre en contact avec votre prochain employ\u00e9 de talent, sans frais pour vous.<\/h2>\n\n\n\n<p><strong>Acc\u00e9dez \u00e0 des candidats qualifi\u00e9s et aptes au travail<\/strong><br>Nous collaborons avec des chercheurs d\u2019emploi motiv\u00e9s pour les aider \u00e0 trouver des emplois qui correspondent \u00e0 leurs comp\u00e9tences et \u00e0 leurs forces. Ils sont pr\u00e9par\u00e9s pour le march\u00e9 du travail et poss\u00e8dent une exp\u00e9rience vari\u00e9e dans diff\u00e9rents secteurs et \u00e0 diff\u00e9rents niveaux de leur carri\u00e8re. Si vous avez des besoins d\u2019embauche, n\u2019h\u00e9sitez pas \u00e0 communiquer avec notre \u00e9quipe.<strong>Offres d\u2019emploi<\/strong><\/p>\n\n\n\n<p><strong>Offres d\u2019emploi<\/strong><br>Rejoignez un public captif avec vos offres d\u2019emploi!<\/p>\n\n\n\n<p>Pour\npublier votre offre d\u2019emploi sur les babillards de notre centre et sur notre page\nFacebook Work BC Chilliwack, envoyez-nous un courriel avec votre offre d\u2019emploi.<\/p>\n\n\n\n<p>Vous pouvez aussi publier vos offres d\u2019emploi sur le site d\u2019emploi en ligne de WorkBC, le site Web le plus complet en mati\u00e8re d\u2019offres d\u2019emploi. Cr\u00e9ez un compte gratuit pour publier vos offres d\u2019emploi sans frais et obtenez \u00e9galement des affichages automatiques sur le Guichet-emplois national. <a href=\"https:\/\/www.workbc.ca\/Login.aspx\">Cr\u00e9ez votre compte et publiez des offres d\u2019emploi d\u00e8s aujourd\u2019hui<\/a>.<\/p>\n\n\n\n<p><strong>Foires de l\u2019emploi et activit\u00e9s d\u2019embauche<\/strong><br>Nous aimons vous aider \u00e0 planifier, promouvoir et organiser des foires de l\u2019emploi et des activit\u00e9s d\u2019embauche. Nous mettons gratuitement \u00e0 votre disposition nos locaux et nos services pour la tenue de diverses activit\u00e9s d\u2019embauche. Nous sommes \u00e9galement heureux de publier l\u2019information que vous nous communiquez sur les activit\u00e9s d\u2019embauche ou de recrutement que vous organisez sur votre lieu de travail. Communiquer avec nous pour discuter de l\u2019aide que nous pouvons vous apporter pour organiser vos activit\u00e9s d\u2019embauche.<\/p>\n\n\n\n<p><strong>\u00c9conomisez du temps et de l\u2019argent<\/strong> <br>Collaborez avec nos experts pour en apprendre davantage sur les incitatifs \u00e0 l\u2019embauche et sur la fa\u00e7on dont vous pourriez b\u00e9n\u00e9ficier du programme de subventions salariales \u00e0 l\u2019emploi. <\/p>\n\n\n\n<ul class=\"wp-block-list\"><li><a href=\"https:\/\/workbccentre-chilliwack.ca\/fr\/trouver-du-personnel\/partenariats-avec-la-collectivite-et-les-employeurs\/\">Partenariats avec la collectivit\u00e9 et les employeurs<\/a><\/li><li><a href=\"https:\/\/workbccentre-chilliwack.ca\/fr\/trouver-du-personnel\/subventions-salariales\/\">Subventions salariales<\/a><\/li><\/ul>\n","protected":false},"excerpt":{"rendered":"<p>Trouver des personnes pr\u00eates \u00e0 travailler. Si vous cherchez des travailleurs \u00e0 embaucher \u00e0 Chilliwack ou dans les environs, WorkBC peut vous mettre en contact avec votre prochain employ\u00e9 de talent, sans frais pour vous. Acc\u00e9dez \u00e0 des candidats qualifi\u00e9s et aptes au travailNous collaborons avec des chercheurs d\u2019emploi motiv\u00e9s pour les aider \u00e0 trouver [&hellip;]<\/p>\n","protected":false},"author":3,"featured_media":172,"parent":0,"menu_order":0,"comment_status":"closed","ping_status":"closed","template":"","meta":{"_acf_changed":false,"footnotes":""},"class_list":["post-375","page","type-page","status-publish","has-post-thumbnail","hentry"],"acf":[],"yoast_head":"<!-- This site is optimized with the Yoast SEO plugin v27.3 - https:\/\/yoast.com\/product\/yoast-seo-wordpress\/ -->\n<title>Personnel - WorkBC Chilliwack<\/title>\n<meta name=\"description\" content=\"Nous collaborons avec des chercheurs d\u2019emploi motiv\u00e9s pour les aider \u00e0 trouver des emplois qui correspondent \u00e0 leurs comp\u00e9tences et \u00e0 leurs forces.\" \/>\n<meta name=\"robots\" content=\"index, follow, max-snippet:-1, max-image-preview:large, max-video-preview:-1\" \/>\n<link rel=\"canonical\" href=\"https:\/\/workbccentre-chilliwack.ca\/fr\/trouver-du-personnel\/\" \/>\n<meta property=\"og:locale\" content=\"fr_FR\" \/>\n<meta property=\"og:type\" content=\"article\" \/>\n<meta property=\"og:title\" content=\"Personnel - WorkBC Chilliwack\" \/>\n<meta property=\"og:description\" content=\"Nous collaborons avec des chercheurs d\u2019emploi motiv\u00e9s pour les aider \u00e0 trouver des emplois qui correspondent \u00e0 leurs comp\u00e9tences et \u00e0 leurs forces.\" \/>\n<meta property=\"og:url\" content=\"https:\/\/workbccentre-chilliwack.ca\/fr\/trouver-du-personnel\/\" \/>\n<meta property=\"og:site_name\" content=\"WorkBC Chilliwack\" \/>\n<meta property=\"article:publisher\" content=\"https:\/\/www.facebook.com\/Chilliwack-WorkBC-287288658613646\/\" \/>\n<meta property=\"article:modified_time\" content=\"2019-03-29T23:08:17+00:00\" \/>\n<meta property=\"og:image\" content=\"https:\/\/workbccentre-chilliwack.ca\/wp-content\/uploads\/2019\/02\/find-staff.jpg\" \/>\n\t<meta property=\"og:image:width\" content=\"1140\" \/>\n\t<meta property=\"og:image:height\" content=\"250\" \/>\n\t<meta property=\"og:image:type\" content=\"image\/jpeg\" \/>\n<meta name=\"twitter:card\" content=\"summary_large_image\" \/>\n<meta name=\"twitter:label1\" content=\"Dur\u00e9e de lecture estim\u00e9e\" \/>\n\t<meta name=\"twitter:data1\" content=\"2 minutes\" \/>\n<script type=\"application\/ld+json\" class=\"yoast-schema-graph\">{\"@context\":\"https:\\\/\\\/schema.org\",\"@graph\":[{\"@type\":\"WebPage\",\"@id\":\"https:\\\/\\\/workbccentre-chilliwack.ca\\\/fr\\\/trouver-du-personnel\\\/\",\"url\":\"https:\\\/\\\/workbccentre-chilliwack.ca\\\/fr\\\/trouver-du-personnel\\\/\",\"name\":\"Personnel - WorkBC Chilliwack\",\"isPartOf\":{\"@id\":\"https:\\\/\\\/workbccentre-chilliwack.ca\\\/fr\\\/#website\"},\"primaryImageOfPage\":{\"@id\":\"https:\\\/\\\/workbccentre-chilliwack.ca\\\/fr\\\/trouver-du-personnel\\\/#primaryimage\"},\"image\":{\"@id\":\"https:\\\/\\\/workbccentre-chilliwack.ca\\\/fr\\\/trouver-du-personnel\\\/#primaryimage\"},\"thumbnailUrl\":\"https:\\\/\\\/workbccentre-chilliwack.ca\\\/wp-content\\\/uploads\\\/2019\\\/02\\\/find-staff.jpg\",\"datePublished\":\"2019-03-20T17:02:41+00:00\",\"dateModified\":\"2019-03-29T23:08:17+00:00\",\"description\":\"Nous collaborons avec des chercheurs d\u2019emploi motiv\u00e9s pour les aider \u00e0 trouver des emplois qui correspondent \u00e0 leurs comp\u00e9tences et \u00e0 leurs forces.\",\"breadcrumb\":{\"@id\":\"https:\\\/\\\/workbccentre-chilliwack.ca\\\/fr\\\/trouver-du-personnel\\\/#breadcrumb\"},\"inLanguage\":\"fr-FR\",\"potentialAction\":[{\"@type\":\"ReadAction\",\"target\":[\"https:\\\/\\\/workbccentre-chilliwack.ca\\\/fr\\\/trouver-du-personnel\\\/\"]}]},{\"@type\":\"ImageObject\",\"inLanguage\":\"fr-FR\",\"@id\":\"https:\\\/\\\/workbccentre-chilliwack.ca\\\/fr\\\/trouver-du-personnel\\\/#primaryimage\",\"url\":\"https:\\\/\\\/workbccentre-chilliwack.ca\\\/wp-content\\\/uploads\\\/2019\\\/02\\\/find-staff.jpg\",\"contentUrl\":\"https:\\\/\\\/workbccentre-chilliwack.ca\\\/wp-content\\\/uploads\\\/2019\\\/02\\\/find-staff.jpg\",\"width\":1140,\"height\":250},{\"@type\":\"BreadcrumbList\",\"@id\":\"https:\\\/\\\/workbccentre-chilliwack.ca\\\/fr\\\/trouver-du-personnel\\\/#breadcrumb\",\"itemListElement\":[{\"@type\":\"ListItem\",\"position\":1,\"name\":\"Accueil\",\"item\":\"\\\/fr\\\/\"},{\"@type\":\"ListItem\",\"position\":2,\"name\":\"Personnel\"}]},{\"@type\":\"WebSite\",\"@id\":\"https:\\\/\\\/workbccentre-chilliwack.ca\\\/fr\\\/#website\",\"url\":\"https:\\\/\\\/workbccentre-chilliwack.ca\\\/fr\\\/\",\"name\":\"WorkBC Chilliwack\",\"description\":\"WorkBC | Employment Resources\",\"potentialAction\":[{\"@type\":\"SearchAction\",\"target\":{\"@type\":\"EntryPoint\",\"urlTemplate\":\"https:\\\/\\\/workbccentre-chilliwack.ca\\\/fr\\\/?s={search_term_string}\"},\"query-input\":{\"@type\":\"PropertyValueSpecification\",\"valueRequired\":true,\"valueName\":\"search_term_string\"}}],\"inLanguage\":\"fr-FR\"}]}<\/script>\n<!-- \/ Yoast SEO plugin. -->","yoast_head_json":{"title":"Personnel - WorkBC Chilliwack","description":"Nous collaborons avec des chercheurs d\u2019emploi motiv\u00e9s pour les aider \u00e0 trouver des emplois qui correspondent \u00e0 leurs comp\u00e9tences et \u00e0 leurs forces.","robots":{"index":"index","follow":"follow","max-snippet":"max-snippet:-1","max-image-preview":"max-image-preview:large","max-video-preview":"max-video-preview:-1"},"canonical":"https:\/\/workbccentre-chilliwack.ca\/fr\/trouver-du-personnel\/","og_locale":"fr_FR","og_type":"article","og_title":"Personnel - WorkBC Chilliwack","og_description":"Nous collaborons avec des chercheurs d\u2019emploi motiv\u00e9s pour les aider \u00e0 trouver des emplois qui correspondent \u00e0 leurs comp\u00e9tences et \u00e0 leurs forces.","og_url":"https:\/\/workbccentre-chilliwack.ca\/fr\/trouver-du-personnel\/","og_site_name":"WorkBC Chilliwack","article_publisher":"https:\/\/www.facebook.com\/Chilliwack-WorkBC-287288658613646\/","article_modified_time":"2019-03-29T23:08:17+00:00","og_image":[{"width":1140,"height":250,"url":"https:\/\/workbccentre-chilliwack.ca\/wp-content\/uploads\/2019\/02\/find-staff.jpg","type":"image\/jpeg"}],"twitter_card":"summary_large_image","twitter_misc":{"Dur\u00e9e de lecture estim\u00e9e":"2 minutes"},"schema":{"@context":"https:\/\/schema.org","@graph":[{"@type":"WebPage","@id":"https:\/\/workbccentre-chilliwack.ca\/fr\/trouver-du-personnel\/","url":"https:\/\/workbccentre-chilliwack.ca\/fr\/trouver-du-personnel\/","name":"Personnel - WorkBC Chilliwack","isPartOf":{"@id":"https:\/\/workbccentre-chilliwack.ca\/fr\/#website"},"primaryImageOfPage":{"@id":"https:\/\/workbccentre-chilliwack.ca\/fr\/trouver-du-personnel\/#primaryimage"},"image":{"@id":"https:\/\/workbccentre-chilliwack.ca\/fr\/trouver-du-personnel\/#primaryimage"},"thumbnailUrl":"https:\/\/workbccentre-chilliwack.ca\/wp-content\/uploads\/2019\/02\/find-staff.jpg","datePublished":"2019-03-20T17:02:41+00:00","dateModified":"2019-03-29T23:08:17+00:00","description":"Nous collaborons avec des chercheurs d\u2019emploi motiv\u00e9s pour les aider \u00e0 trouver des emplois qui correspondent \u00e0 leurs comp\u00e9tences et \u00e0 leurs forces.","breadcrumb":{"@id":"https:\/\/workbccentre-chilliwack.ca\/fr\/trouver-du-personnel\/#breadcrumb"},"inLanguage":"fr-FR","potentialAction":[{"@type":"ReadAction","target":["https:\/\/workbccentre-chilliwack.ca\/fr\/trouver-du-personnel\/"]}]},{"@type":"ImageObject","inLanguage":"fr-FR","@id":"https:\/\/workbccentre-chilliwack.ca\/fr\/trouver-du-personnel\/#primaryimage","url":"https:\/\/workbccentre-chilliwack.ca\/wp-content\/uploads\/2019\/02\/find-staff.jpg","contentUrl":"https:\/\/workbccentre-chilliwack.ca\/wp-content\/uploads\/2019\/02\/find-staff.jpg","width":1140,"height":250},{"@type":"BreadcrumbList","@id":"https:\/\/workbccentre-chilliwack.ca\/fr\/trouver-du-personnel\/#breadcrumb","itemListElement":[{"@type":"ListItem","position":1,"name":"Accueil","item":"\/fr\/"},{"@type":"ListItem","position":2,"name":"Personnel"}]},{"@type":"WebSite","@id":"https:\/\/workbccentre-chilliwack.ca\/fr\/#website","url":"https:\/\/workbccentre-chilliwack.ca\/fr\/","name":"WorkBC Chilliwack","description":"WorkBC | Employment Resources","potentialAction":[{"@type":"SearchAction","target":{"@type":"EntryPoint","urlTemplate":"https:\/\/workbccentre-chilliwack.ca\/fr\/?s={search_term_string}"},"query-input":{"@type":"PropertyValueSpecification","valueRequired":true,"valueName":"search_term_string"}}],"inLanguage":"fr-FR"}]}},"_links":{"self":[{"href":"https:\/\/workbccentre-chilliwack.ca\/fr\/wp-json\/wp\/v2\/pages\/375","targetHints":{"allow":["GET"]}}],"collection":[{"href":"https:\/\/workbccentre-chilliwack.ca\/fr\/wp-json\/wp\/v2\/pages"}],"about":[{"href":"https:\/\/workbccentre-chilliwack.ca\/fr\/wp-json\/wp\/v2\/types\/page"}],"author":[{"embeddable":true,"href":"https:\/\/workbccentre-chilliwack.ca\/fr\/wp-json\/wp\/v2\/users\/3"}],"replies":[{"embeddable":true,"href":"https:\/\/workbccentre-chilliwack.ca\/fr\/wp-json\/wp\/v2\/comments?post=375"}],"version-history":[{"count":0,"href":"https:\/\/workbccentre-chilliwack.ca\/fr\/wp-json\/wp\/v2\/pages\/375\/revisions"}],"wp:featuredmedia":[{"embeddable":true,"href":"https:\/\/workbccentre-chilliwack.ca\/fr\/wp-json\/wp\/v2\/media\/172"}],"wp:attachment":[{"href":"https:\/\/workbccentre-chilliwack.ca\/fr\/wp-json\/wp\/v2\/media?parent=375"}],"curies":[{"name":"wp","href":"https:\/\/api.w.org\/{rel}","templated":true}]}}